{"id":24,"date":"2026-02-14T00:39:36","date_gmt":"2026-02-13T23:39:36","guid":{"rendered":"http:\/\/188.213.161.159:8080\/?page_id=24"},"modified":"2026-02-22T07:55:02","modified_gmt":"2026-02-22T06:55:02","slug":"la-castanicoltura-in-val-di-susa","status":"publish","type":"page","link":"http:\/\/188.213.161.159:8080\/?page_id=24","title":{"rendered":"La castanicoltura in Val di Susa"},"content":{"rendered":"\n<p id=\"block-4419ab5c-0364-4d47-96cd-864d1ecc025d\">In valle di Susa negli anni venti del &#8216;900 si raccoglievano 2.000 tonnellate di marroni. <\/p>\n\n\n\n<p id=\"block-4419ab5c-0364-4d47-96cd-864d1ecc025d\">Rispetto quegli anni sono cambiate le dimensioni della produzione: <\/p>\n\n\n\n<p id=\"block-4419ab5c-0364-4d47-96cd-864d1ecc025d\">a fine secolo 500 tonnellate.<\/p>\n\n\n\n<figure class=\"wp-block-image size-full\" id=\"block-6f74762e-9a53-4ef4-b693-09abd0f0cb88\"><img loading=\"lazy\" decoding=\"async\" width=\"345\" height=\"259\" src=\"http:\/\/188.213.161.159:8080\/wp-content\/uploads\/2026\/02\/Castanicoltura_Valsusa_01.jpg\" alt=\"\" class=\"wp-image-47\" srcset=\"http:\/\/188.213.161.159:8080\/wp-content\/uploads\/2026\/02\/Castanicoltura_Valsusa_01.jpg 345w, http:\/\/188.213.161.159:8080\/wp-content\/uploads\/2026\/02\/Castanicoltura_Valsusa_01-300x225.jpg 300w\" sizes=\"auto, (max-width: 345px) 100vw, 345px\" \/><\/figure>\n\n\n\n<p id=\"block-95d36442-60d1-4aac-86d7-e669757ba120\">Molte persone coltivano ancora oggi i castagni in Val di Susa, anche introducendo nuovi metodi di lavorazione, nuovi strumenti e nuovi tipi di innesto.<\/p>\n\n\n\n<figure class=\"wp-block-image alignright size-full\" id=\"block-8ba9fa22-81cb-4357-aebb-4a4e19ba33f0\"><img loading=\"lazy\" decoding=\"async\" width=\"329\" height=\"247\" src=\"http:\/\/188.213.161.159:8080\/wp-content\/uploads\/2026\/02\/Castanicoltura_Valsusa_02.jpg\" alt=\"\" class=\"wp-image-48\" srcset=\"http:\/\/188.213.161.159:8080\/wp-content\/uploads\/2026\/02\/Castanicoltura_Valsusa_02.jpg 329w, http:\/\/188.213.161.159:8080\/wp-content\/uploads\/2026\/02\/Castanicoltura_Valsusa_02-300x225.jpg 300w\" sizes=\"auto, (max-width: 329px) 100vw, 329px\" \/><\/figure>\n\n\n\n<p id=\"block-99f25408-d2f8-40dc-96bb-0cc977568417\">La contrazione della produzione \u00e8 stata causata da un lato dallo spopolamento delle zone di montagna e dalla diminuita importanza dei frutti del castagno come alimento, e dall\u2019altro dai danni provocati da diverse malattie.<\/p>\n\n\n\n<p id=\"block-4e52c8df-15a4-4033-b17b-deec3d3cbaa1\">Tra queste:<\/p>\n\n\n\n<p id=\"block-4e52c8df-15a4-4033-b17b-deec3d3cbaa1\">il &#8220;<em>cancro della corteccia<\/em>&#8220;, causata da un parassita del castagno;<\/p>\n\n\n\n<p id=\"block-4e52c8df-15a4-4033-b17b-deec3d3cbaa1\">e il <em>cinipide galligeno<\/em>, insetto di provenienza cinese che ne ha attaccato la chioma;<\/p>\n\n\n\n<p id=\"block-4e52c8df-15a4-4033-b17b-deec3d3cbaa1\">Riguardo ai frutti, pi\u00f9 recentemente lo <em>Gnomoniopsis castaneae<\/em>, un fungo patogeno del castagno di recente scoperta che \u00e8 considerato una delle principali avversit\u00e0 del castagno a livello internazionale. Causa il marciume della porzione interna della castagna, ma \u00e8 anche associato a cancro corticale e necrosi fogliari.<\/p>\n\n\n\n<p id=\"block-4e52c8df-15a4-4033-b17b-deec3d3cbaa1\">Dunque i castanicoltori valsusini fronteggiando queste avversit\u00e0,  continuano a raccogliere il prezioso e prelibato frutto, gi\u00e0 storicamente richiesto e preferito dai pasticcieri di importanti centri francesi e oltreoceano per realizzare i famosi <em>marron glac\u00e9s<\/em>.<\/p>\n\n\n\n<p id=\"block-4e52c8df-15a4-4033-b17b-deec3d3cbaa1\">Non solo: oggi anche rinomate aziende italiane utilizzano il Marrone della valle di Susa IGP per le loro migliori produzioni.<\/p>\n","protected":false},"excerpt":{"rendered":"<p>In valle di Susa negli anni venti del &#8216;900 si raccoglievano 2.000 tonnellate di marroni. Rispetto quegli anni sono cambiate le dimensioni della produzione: a fine secolo 500 tonnellate. Molte persone coltivano ancora oggi i castagni in Val di Susa, anche introducendo nuovi metodi di lavorazione, nuovi strumenti e nuovi tipi di innesto. La contrazione [&hellip;]<\/p>\n","protected":false},"author":1,"featured_media":0,"parent":0,"menu_order":0,"comment_status":"closed","ping_status":"closed","template":"pagina-estesa","meta":{"footnotes":""},"class_list":["post-24","page","type-page","status-publish","hentry"],"_links":{"self":[{"href":"http:\/\/188.213.161.159:8080\/index.php?rest_route=\/wp\/v2\/pages\/24","targetHints":{"allow":["GET"]}}],"collection":[{"href":"http:\/\/188.213.161.159:8080\/index.php?rest_route=\/wp\/v2\/pages"}],"about":[{"href":"http:\/\/188.213.161.159:8080\/index.php?rest_route=\/wp\/v2\/types\/page"}],"author":[{"embeddable":true,"href":"http:\/\/188.213.161.159:8080\/index.php?rest_route=\/wp\/v2\/users\/1"}],"replies":[{"embeddable":true,"href":"http:\/\/188.213.161.159:8080\/index.php?rest_route=%2Fwp%2Fv2%2Fcomments&post=24"}],"version-history":[{"count":7,"href":"http:\/\/188.213.161.159:8080\/index.php?rest_route=\/wp\/v2\/pages\/24\/revisions"}],"predecessor-version":[{"id":314,"href":"http:\/\/188.213.161.159:8080\/index.php?rest_route=\/wp\/v2\/pages\/24\/revisions\/314"}],"wp:attachment":[{"href":"http:\/\/188.213.161.159:8080\/index.php?rest_route=%2Fwp%2Fv2%2Fmedia&parent=24"}],"curies":[{"name":"wp","href":"https:\/\/api.w.org\/{rel}","templated":true}]}}